{"id":7236,"date":"2021-04-04T14:36:05","date_gmt":"2021-04-04T13:36:05","guid":{"rendered":"https:\/\/filaridellarocca.it\/product\/natives-olivenoel-extra-vergine-aus-biologischem-anbau-750-ml\/"},"modified":"2023-11-14T17:02:17","modified_gmt":"2023-11-14T16:02:17","slug":"sizilianisches-bio-olivenol-extra-vergine-nocellara-del-belice-e-biancolilla-glasflasche-750-ml","status":"publish","type":"product","link":"https:\/\/filaridellarocca.it\/de\/product\/sizilianisches-bio-olivenol-extra-vergine-nocellara-del-belice-e-biancolilla-glasflasche-750-ml\/","title":{"rendered":"Natives Oliven\u00f6l Extra Vergine aus biologischem Anbau &#8211; 750 ml"},"content":{"rendered":"<div class=\"page\" title=\"Page 1\">\n<div class=\"layoutArea\">\n<div class=\"column\">\n<div class=\"page\" title=\"Page 1\">\n<div class=\"layoutArea\">\n<div class=\"column\">\n<h2>Natives Oliven\u00f6l Extra Vergine aus biologischem Anbau Nocellara del Belice und Biancolilla<\/h2>\n<hr \/>\n<\/div>\n<\/div>\n<\/div>\n<p><strong>Natives Oliven\u00f6l extra nativ aus biologischem Anbau Nocellara del Beli\u0300ce und Biancolilla. Mittlere Fruchtigkeit <\/strong>und intensiv gr\u00fcne Farbe, <strong>leicht pikant<\/strong>; deutlich erkennbar und besonders interessant am Gaumen sind die <strong>blumigen Nuancen<\/strong><strong>. Von der Ernte bis zur Pressung, von der Abf\u00fcllung bis zur Lagerung kommen Pestizide, D\u00fcngemittel oder chemische Produkte nicht zum Einsatz;<\/strong> Nur Wasser, Wind und Licht verleihen unserem nativen <strong>Oliven\u00f6l aus biologischem Anbau seine intensive Farbe und einzigartige Schmackhaftigkeit.<\/strong><\/p>\n<p><span style=\"color: #6d8f09;\"><a style=\"color: #6d8f09;\" href=\"https:\/\/filaridellarocca.it\/premi-e-riconoscimenti\/\"><strong>Bibenda 2022<\/strong> &#8211; &#8220;5 Tropfen&#8221; &gt; <strong>weiter zur Seite &#8220;Preise und Anerkennungen&#8221;<\/strong><\/a><\/span><\/p>\n<hr \/>\n<h3>Bei der Verkostung:<\/h3>\n<ul>\n<li><strong>Farbe: <\/strong>Klar, intensiv goldgelb, durchzogen von lebhaft gr\u00fcnen Reflexen .<\/li>\n<li><strong>Nase:<\/strong>In der Nase \u00f6ffnen sich komplexe, nachhaltige Ankl\u00e4nge an die Vegetation der Mittelmeer-Macchia, an Tomaten und frisch geschnittenes Gras, elegant und von sch\u00f6ner Harmonie.<\/li>\n<li>\n<div class=\"page\" title=\"Page 1\">\n<div class=\"layoutArea\">\n<div class=\"column\"><strong>Gaumen:<\/strong> Weich, fein, rund, mit Ankl\u00e4ngen an die Felddistel, an Rosmarin und Salbei. Bitterkeit und Sch\u00e4rfe halten sich die Waage, sind gut dosiert und f\u00fcgen sich zu einem rundum gegl\u00fcckten Gesamtbild.<\/div>\n<\/div>\n<\/div>\n<\/li>\n<\/ul>\n<hr \/>\n<h3>Technische Daten:<\/h3>\n<ul>\n<li><strong>Geschmackskategorie: <\/strong> Mittlere Fruchtigkeit &#8211; BIO<\/li>\n<li><strong>Olivensorten: <\/strong> 50% Nocellara 50% Biancolilla<\/li>\n<li><strong>Gebiet: <\/strong>Sicilia &#8211; Contessa Entellina (PA)<\/li>\n<li><strong>Darreichungsform Dosen: <\/strong>750 ml Glasflasche mit hermetischem Verschluss<\/li>\n<li><strong>Passt zu: <\/strong> Hervorragend zu Fischsuppen, mariniertem Thunfisch, Muschelgerichten, Tintenfischsalat, in Folie gebackenem Edelfisch, Steinpilzsuppe, Tartar aus rotem Fleisch, saftigen gegrillten T-Bone-Steaks und gereiftem K\u00e4se.<\/li>\n<\/ul>\n<hr \/>\n<p><img loading=\"lazy\" class=\"alignnone wp-image-6434\" src=\"https:\/\/filaridellarocca.it\/wp-content\/uploads\/2020\/04\/6978086_preview-300x300.png\" alt=\"\" width=\"44\" height=\"44\" srcset=\"https:\/\/filaridellarocca.it\/wp-content\/uploads\/2020\/04\/6978086_preview-300x300.png 300w, https:\/\/filaridellarocca.it\/wp-content\/uploads\/2020\/04\/6978086_preview-150x150.png 150w, https:\/\/filaridellarocca.it\/wp-content\/uploads\/2020\/04\/6978086_preview-4x5.png 4w, https:\/\/filaridellarocca.it\/wp-content\/uploads\/2020\/04\/6978086_preview-10x10.png 10w, https:\/\/filaridellarocca.it\/wp-content\/uploads\/2020\/04\/6978086_preview-500x512.png 500w, https:\/\/filaridellarocca.it\/wp-content\/uploads\/2020\/04\/6978086_preview-100x100.png 100w, https:\/\/filaridellarocca.it\/wp-content\/uploads\/2020\/04\/6978086_preview.png 512w\" sizes=\"(max-width: 44px) 100vw, 44px\" \/><a href=\"https:\/\/filaridellarocca.it\/wp-content\/uploads\/2022\/05\/Scheda-Tecnica-Olio-English.pdf\" target=\"_blank\" rel=\"noopener\">Laden Sie das technische Datenblatt herunter <\/a><strong>(Englisch)<\/strong><\/p>\n<hr \/>\n<p>&nbsp;<\/p>\n<\/div>\n<\/div>\n<\/div>\n","protected":false},"excerpt":{"rendered":"<p><strong>Natives Oliven\u00f6l extra nativ aus biologischem Anbau Nocellara del Beli\u0300ce und Biancolilla. Mittlere Fruchtigkeit <\/strong>und intensiv gr\u00fcne Farbe, <strong>leicht pikant<\/strong>; deutlich erkennbar und besonders interessant am Gaumen sind die <strong>blumigen Nuancen<\/strong><strong>. Von der Ernte bis zur Pressung, von der Abf\u00fcllung bis zur Lagerung kommen Pestizide, D\u00fcngemittel oder chemische Produkte zum Einsatz;<\/strong> Nur Wasser, Wind und Licht verleihen unserem nativen <strong>Oliven\u00f6l aus biologischem Anbau seine intensive Farbe und einzigartige Schmackhaftigkeit.<\/strong><\/p>\n<p><span style=\"color: #6d8f09;\"><a style=\"color: #6d8f09;\" href=\"https:\/\/filaridellarocca.it\/premi-e-riconoscimenti\/\"><strong>Bibenda 2022<\/strong> &#8211; &#8220;5 Tropfen&#8221; &gt; <strong>weiter zur Seite &#8220;Preise und Anerkennungen&#8221;<\/strong><\/a><\/span><\/p>\n","protected":false},"featured_media":6778,"comment_status":"closed","ping_status":"closed","template":"","meta":[],"etheme_brands":[],"product_cat":[99,97,95],"product_tag":[113,114],"acf":[],"yoast_head":"<!-- This site is optimized with the Yoast SEO plugin v19.6 - https:\/\/yoast.com\/wordpress\/plugins\/seo\/ -->\n<title>Sizilianisches Natives Oliven\u00f6l Extra Vergine aus biologischem Anbau 750ml - Filari Della Rocca<\/title>\n<meta name=\"description\" content=\"Natives Oliven\u00f6l Extra Vergine aus biologischem Anbau Nocellara del Beli\u0300ce und Biancolilla. Mittlere Fruchtigkeit. Klar, intensiv goldgelb, durchzogen von lebhaft gr\u00fcnen Reflexen.\" \/>\n<meta name=\"robots\" content=\"index, follow, max-snippet:-1, max-image-preview:large, max-video-preview:-1\" \/>\n<link rel=\"canonical\" href=\"https:\/\/filaridellarocca.it\/de\/product\/sizilianisches-bio-olivenol-extra-vergine-nocellara-del-belice-e-biancolilla-glasflasche-750-ml\/\" \/>\n<meta property=\"og:locale\" content=\"de_DE\" \/>\n<meta property=\"og:type\" content=\"article\" \/>\n<meta property=\"og:title\" content=\"Sizilianisches Natives Oliven\u00f6l Extra Vergine aus biologischem Anbau 750ml - Filari Della Rocca\" \/>\n<meta property=\"og:description\" content=\"Natives Oliven\u00f6l Extra Vergine aus biologischem Anbau Nocellara del Beli\u0300ce und Biancolilla. Mittlere Fruchtigkeit. Klar, intensiv goldgelb, durchzogen von lebhaft gr\u00fcnen Reflexen.\" \/>\n<meta property=\"og:url\" content=\"https:\/\/filaridellarocca.it\/de\/product\/sizilianisches-bio-olivenol-extra-vergine-nocellara-del-belice-e-biancolilla-glasflasche-750-ml\/\" \/>\n<meta property=\"og:site_name\" content=\"Filari Della Rocca\" \/>\n<meta property=\"article:modified_time\" content=\"2023-11-14T16:02:17+00:00\" \/>\n<meta property=\"og:image\" content=\"https:\/\/filaridellarocca.it\/wp-content\/uploads\/2021\/04\/filari-della-rocca-olio-di-oliva-biologico-750ml.jpg\" \/>\n\t<meta property=\"og:image:width\" content=\"1080\" \/>\n\t<meta property=\"og:image:height\" content=\"1350\" \/>\n\t<meta property=\"og:image:type\" content=\"image\/jpeg\" \/>\n<meta name=\"twitter:card\" content=\"summary_large_image\" \/>\n<meta name=\"twitter:label1\" content=\"Gesch\u00e4tzte Lesezeit\" \/>\n\t<meta name=\"twitter:data1\" content=\"2\u00a0Minuten\" \/>\n<script type=\"application\/ld+json\" class=\"yoast-schema-graph\">{\"@context\":\"https:\/\/schema.org\",\"@graph\":[{\"@type\":\"WebPage\",\"@id\":\"https:\/\/filaridellarocca.it\/de\/product\/sizilianisches-bio-olivenol-extra-vergine-nocellara-del-belice-e-biancolilla-glasflasche-750-ml\/\",\"url\":\"https:\/\/filaridellarocca.it\/de\/product\/sizilianisches-bio-olivenol-extra-vergine-nocellara-del-belice-e-biancolilla-glasflasche-750-ml\/\",\"name\":\"Sizilianisches Natives Oliven\u00f6l Extra Vergine aus biologischem Anbau 750ml - Filari Della Rocca\",\"isPartOf\":{\"@id\":\"https:\/\/filaridellarocca.it\/#website\"},\"datePublished\":\"2021-04-04T13:36:05+00:00\",\"dateModified\":\"2023-11-14T16:02:17+00:00\",\"description\":\"Natives Oliven\u00f6l Extra Vergine aus biologischem Anbau Nocellara del Beli\u0300ce und Biancolilla. Mittlere Fruchtigkeit. Klar, intensiv goldgelb, durchzogen von lebhaft gr\u00fcnen Reflexen.\",\"breadcrumb\":{\"@id\":\"https:\/\/filaridellarocca.it\/de\/product\/sizilianisches-bio-olivenol-extra-vergine-nocellara-del-belice-e-biancolilla-glasflasche-750-ml\/#breadcrumb\"},\"inLanguage\":\"de\",\"potentialAction\":[{\"@type\":\"ReadAction\",\"target\":[\"https:\/\/filaridellarocca.it\/de\/product\/sizilianisches-bio-olivenol-extra-vergine-nocellara-del-belice-e-biancolilla-glasflasche-750-ml\/\"]}]},{\"@type\":\"BreadcrumbList\",\"@id\":\"https:\/\/filaridellarocca.it\/de\/product\/sizilianisches-bio-olivenol-extra-vergine-nocellara-del-belice-e-biancolilla-glasflasche-750-ml\/#breadcrumb\",\"itemListElement\":[{\"@type\":\"ListItem\",\"position\":1,\"name\":\"Home\",\"item\":\"https:\/\/filaridellarocca.it\/de\/\"},{\"@type\":\"ListItem\",\"position\":2,\"name\":\"Shop\",\"item\":\"https:\/\/filaridellarocca.it\/shop\/\"},{\"@type\":\"ListItem\",\"position\":3,\"name\":\"Natives Oliven\u00f6l Extra Vergine aus biologischem Anbau &#8211; 750 ml\"}]},{\"@type\":\"WebSite\",\"@id\":\"https:\/\/filaridellarocca.it\/#website\",\"url\":\"https:\/\/filaridellarocca.it\/\",\"name\":\"Filari Della Rocca\",\"description\":\"Azienda Agricola Biologica - Produzione vino e olio Siciliani\",\"potentialAction\":[{\"@type\":\"SearchAction\",\"target\":{\"@type\":\"EntryPoint\",\"urlTemplate\":\"https:\/\/filaridellarocca.it\/?s={search_term_string}\"},\"query-input\":\"required name=search_term_string\"}],\"inLanguage\":\"de\"}]}<\/script>\n<!-- \/ Yoast SEO plugin. -->","yoast_head_json":{"title":"Sizilianisches Natives Oliven\u00f6l Extra Vergine aus biologischem Anbau 750ml - Filari Della Rocca","description":"Natives Oliven\u00f6l Extra Vergine aus biologischem Anbau Nocellara del Beli\u0300ce und Biancolilla. Mittlere Fruchtigkeit. Klar, intensiv goldgelb, durchzogen von lebhaft gr\u00fcnen Reflexen.","robots":{"index":"index","follow":"follow","max-snippet":"max-snippet:-1","max-image-preview":"max-image-preview:large","max-video-preview":"max-video-preview:-1"},"canonical":"https:\/\/filaridellarocca.it\/de\/product\/sizilianisches-bio-olivenol-extra-vergine-nocellara-del-belice-e-biancolilla-glasflasche-750-ml\/","og_locale":"de_DE","og_type":"article","og_title":"Sizilianisches Natives Oliven\u00f6l Extra Vergine aus biologischem Anbau 750ml - Filari Della Rocca","og_description":"Natives Oliven\u00f6l Extra Vergine aus biologischem Anbau Nocellara del Beli\u0300ce und Biancolilla. Mittlere Fruchtigkeit. Klar, intensiv goldgelb, durchzogen von lebhaft gr\u00fcnen Reflexen.","og_url":"https:\/\/filaridellarocca.it\/de\/product\/sizilianisches-bio-olivenol-extra-vergine-nocellara-del-belice-e-biancolilla-glasflasche-750-ml\/","og_site_name":"Filari Della Rocca","article_modified_time":"2023-11-14T16:02:17+00:00","og_image":[{"width":1080,"height":1350,"url":"https:\/\/filaridellarocca.it\/wp-content\/uploads\/2021\/04\/filari-della-rocca-olio-di-oliva-biologico-750ml.jpg","type":"image\/jpeg"}],"twitter_card":"summary_large_image","twitter_misc":{"Gesch\u00e4tzte Lesezeit":"2\u00a0Minuten"},"schema":{"@context":"https:\/\/schema.org","@graph":[{"@type":"WebPage","@id":"https:\/\/filaridellarocca.it\/de\/product\/sizilianisches-bio-olivenol-extra-vergine-nocellara-del-belice-e-biancolilla-glasflasche-750-ml\/","url":"https:\/\/filaridellarocca.it\/de\/product\/sizilianisches-bio-olivenol-extra-vergine-nocellara-del-belice-e-biancolilla-glasflasche-750-ml\/","name":"Sizilianisches Natives Oliven\u00f6l Extra Vergine aus biologischem Anbau 750ml - Filari Della Rocca","isPartOf":{"@id":"https:\/\/filaridellarocca.it\/#website"},"datePublished":"2021-04-04T13:36:05+00:00","dateModified":"2023-11-14T16:02:17+00:00","description":"Natives Oliven\u00f6l Extra Vergine aus biologischem Anbau Nocellara del Beli\u0300ce und Biancolilla. Mittlere Fruchtigkeit. Klar, intensiv goldgelb, durchzogen von lebhaft gr\u00fcnen Reflexen.","breadcrumb":{"@id":"https:\/\/filaridellarocca.it\/de\/product\/sizilianisches-bio-olivenol-extra-vergine-nocellara-del-belice-e-biancolilla-glasflasche-750-ml\/#breadcrumb"},"inLanguage":"de","potentialAction":[{"@type":"ReadAction","target":["https:\/\/filaridellarocca.it\/de\/product\/sizilianisches-bio-olivenol-extra-vergine-nocellara-del-belice-e-biancolilla-glasflasche-750-ml\/"]}]},{"@type":"BreadcrumbList","@id":"https:\/\/filaridellarocca.it\/de\/product\/sizilianisches-bio-olivenol-extra-vergine-nocellara-del-belice-e-biancolilla-glasflasche-750-ml\/#breadcrumb","itemListElement":[{"@type":"ListItem","position":1,"name":"Home","item":"https:\/\/filaridellarocca.it\/de\/"},{"@type":"ListItem","position":2,"name":"Shop","item":"https:\/\/filaridellarocca.it\/shop\/"},{"@type":"ListItem","position":3,"name":"Natives Oliven\u00f6l Extra Vergine aus biologischem Anbau &#8211; 750 ml"}]},{"@type":"WebSite","@id":"https:\/\/filaridellarocca.it\/#website","url":"https:\/\/filaridellarocca.it\/","name":"Filari Della Rocca","description":"Azienda Agricola Biologica - Produzione vino e olio Siciliani","potentialAction":[{"@type":"SearchAction","target":{"@type":"EntryPoint","urlTemplate":"https:\/\/filaridellarocca.it\/?s={search_term_string}"},"query-input":"required name=search_term_string"}],"inLanguage":"de"}]}},"_links":{"self":[{"href":"https:\/\/filaridellarocca.it\/de\/wp-json\/wp\/v2\/product\/7236"}],"collection":[{"href":"https:\/\/filaridellarocca.it\/de\/wp-json\/wp\/v2\/product"}],"about":[{"href":"https:\/\/filaridellarocca.it\/de\/wp-json\/wp\/v2\/types\/product"}],"replies":[{"embeddable":true,"href":"https:\/\/filaridellarocca.it\/de\/wp-json\/wp\/v2\/comments?post=7236"}],"wp:featuredmedia":[{"embeddable":true,"href":"https:\/\/filaridellarocca.it\/de\/wp-json\/wp\/v2\/media\/6778"}],"wp:attachment":[{"href":"https:\/\/filaridellarocca.it\/de\/wp-json\/wp\/v2\/media?parent=7236"}],"wp:term":[{"taxonomy":"brand","embeddable":true,"href":"https:\/\/filaridellarocca.it\/de\/wp-json\/wp\/v2\/etheme_brands?post=7236"},{"taxonomy":"product_cat","embeddable":true,"href":"https:\/\/filaridellarocca.it\/de\/wp-json\/wp\/v2\/product_cat?post=7236"},{"taxonomy":"product_tag","embeddable":true,"href":"https:\/\/filaridellarocca.it\/de\/wp-json\/wp\/v2\/product_tag?post=7236"}],"curies":[{"name":"wp","href":"https:\/\/api.w.org\/{rel}","templated":true}]}}