{"id":7141,"date":"2021-04-04T16:31:01","date_gmt":"2021-04-04T15:31:01","guid":{"rendered":"https:\/\/filaridellarocca.it\/product\/geschenkbox-mit-sizilianischen-produkten-6-stueck-1-flasche-natives-olivenoel-extra-vergine-750ml-1-flasche-evo-oel-500ml-1-packung-honig-400gr-1-flasche-catarratto-2019-flasche-nero-davo\/"},"modified":"2021-04-04T16:31:01","modified_gmt":"2021-04-04T15:31:01","slug":"geschenkbox-sizilianische-produkte-1-natives-olivenol-extra-vergine-aus-biologischem-anbau-750ml-1-flasche-natives-olivenol-extra-vergine-aus-biologischem-anbau-500ml-1-honig-verpackung-500gr-1-flasch","status":"publish","type":"product","link":"https:\/\/filaridellarocca.it\/de\/product\/geschenkbox-sizilianische-produkte-1-natives-olivenol-extra-vergine-aus-biologischem-anbau-750ml-1-flasche-natives-olivenol-extra-vergine-aus-biologischem-anbau-500ml-1-honig-verpackung-500gr-1-flasch\/","title":{"rendered":"Geschenkbox mit sizilianischen Produkten (6 St\u00fcck): 1 Flasche Natives Oliven\u00f6l Extra Vergine 750ml + 1 Flasche EVO-\u00d6l 500ml + 1 Packung Honig 400gr + 1 Flasche Catarratto 2019 + Flasche Nero d&#8217;Avola + 1 Flasche Merlot"},"content":{"rendered":"<h2>Geschenkbox sizilianische Produkte (6 st\u00fcck)<\/h2>\n<hr>\n<p><em><strong>Die Geschenkbox der sizilianischen Produkte enth\u00e4lt:<\/strong><\/em><\/p>\n<ul>\n<li>1 400-g-Packung mit nat\u00fcrlichem sizilianischem<a href=\"https:\/\/filaridellarocca.it\/product\/miele-siciliano-naturale-500g\/\">Wildblumenhonig<\/a>;<\/li>\n<li>1<a href=\"https:\/\/filaridellarocca.it\/product\/olio-extra-vergine-di-oliva-nocellara-del-belice-e-biancolilla-biologico-siciliano-bottiglia-vetro-750-ml\/\">Natives Oliven\u00f6l Extra Vergine aus biologischem Anbau<\/a> von 0,75 l;<\/li>\n<li>1 <a href=\"https:\/\/filaridellarocca.it\/product\/olio-extra-vergine-di-oliva-nocellara-del-belice-e-biancolilla-biologico-siciliano-bottiglia-vetro-500-ml\/\">Natives Oliven\u00f6l Extra Vergine aus biologischem Anbau <\/a>von 0,50 l;<\/li>\n<li>1 <a href=\"https:\/\/filaridellarocca.it\/product\/catarratto-doc-sicilia-biologico-contessa-entellina-filari-della-rocca-bottiglia-75cl\/\">Catarratto<\/a> Filari della Rocca D.O.C. 75 cl;<\/li>\n<li>1 <a href=\"https:\/\/filaridellarocca.it\/product\/nero-davola-doc-sicilia-biologico-contessa-entellina-filari-della-rocca-bottiglia-75cl\/\">Nero d\u2019Avola<\/a> Filari della Rocca D.O.C. 75 cl;<\/li>\n<li>1 <a href=\"https:\/\/filaridellarocca.it\/product\/merlot-doc-sicilia-biologico-contessa-entellina-filari-della-rocca-bottiglia-75cl\/\">Merlot<\/a>Filari della Rocca D.O.C. 75 cl;<\/li>\n<\/ul>\n<p><em><strong>Ideal als Geschenk oder zum Verw\u00f6hnen f\u00fcr sich selbst.<\/strong><\/em><\/p>\n","protected":false},"excerpt":{"rendered":"<h2>Geschenkbox sizilianische Produkte (6 st\u00fcck)<\/h2>\n<hr>\n<p><em><strong>Die Geschenkbox der sizilianischen Produkte enth\u00e4lt:<\/strong><\/em><\/p>\n<ul>\n<li>Una con1 Packung nat\u00fcrlicher sizilianischer <a href=\"https:\/\/filaridellarocca.it\/product\/miele-siciliano-naturale-500g\/\">Wildblumenhonig<\/a> von 400 g;<\/li>\n<li>1 Flasche <a href=\"https:\/\/filaridellarocca.it\/product\/olio-extra-vergine-di-oliva-nocellara-del-belice-e-biancolilla-biologico-siciliano-bottiglia-vetro-750-ml\/\">natives Oliven\u00f6l extra BIO<\/a> von 0,75 l;<\/li>\n<li>1 Flasche <a href=\"https:\/\/filaridellarocca.it\/product\/olio-extra-vergine-di-oliva-nocellara-del-belice-e-biancolilla-biologico-siciliano-bottiglia-vetro-500-ml\/\">natives Oliven\u00f6l extra BIO<\/a> von 0,50 l;<\/li>\n<li>1 <a href=\"https:\/\/filaridellarocca.it\/product\/catarratto-doc-sicilia-biologico-contessa-entellina-filari-della-rocca-bottiglia-75cl\/\">Catarratto<\/a> Filari della Rocca D.O.C. 75 cl;<\/li>\n<li>1 <a href=\"https:\/\/filaridellarocca.it\/product\/nero-davola-doc-sicilia-biologico-contessa-entellina-filari-della-rocca-bottiglia-75cl\/\">Nero d\u2019Avola<\/a> Filari della Rocca D.O.C. 75 cl;<\/li>\n<li>1 <a href=\"https:\/\/filaridellarocca.it\/product\/merlot-doc-sicilia-biologico-contessa-entellina-filari-della-rocca-bottiglia-75cl\/\">Merlot<\/a>Filari della Rocca D.O.C. 75 cl;<\/li>\n<\/ul>\n<p><em><strong>Ideal als Geschenk oder zum Verw\u00f6hnen f\u00fcr sich selbst.<\/strong><\/em><\/p>\n","protected":false},"featured_media":6818,"comment_status":"closed","ping_status":"closed","template":"","meta":[],"etheme_brands":[],"product_cat":[91],"product_tag":[100,111,104,107,113,115,108,102],"acf":[],"yoast_head":"<!-- This site is optimized with the Yoast SEO plugin v19.6 - https:\/\/yoast.com\/wordpress\/plugins\/seo\/ -->\n<title>Geschenkbox sizilianische Produkte (6 st\u00fcck) - Filari Della Rocca<\/title>\n<meta name=\"description\" content=\"Geschenkbox sizilianische Produkte (6 st\u00fcck): Wildblumenhonig, 2 Flaschen Natives Oliven\u00f6l extra BIO, Catarratto, Nero d\u2019Avola, Merlot.\" \/>\n<meta name=\"robots\" content=\"index, follow, max-snippet:-1, max-image-preview:large, max-video-preview:-1\" \/>\n<link rel=\"canonical\" href=\"https:\/\/filaridellarocca.it\/de\/product\/geschenkbox-sizilianische-produkte-1-natives-olivenol-extra-vergine-aus-biologischem-anbau-750ml-1-flasche-natives-olivenol-extra-vergine-aus-biologischem-anbau-500ml-1-honig-verpackung-500gr-1-flasch\/\" \/>\n<meta property=\"og:locale\" content=\"de_DE\" \/>\n<meta property=\"og:type\" content=\"article\" \/>\n<meta property=\"og:title\" content=\"Geschenkbox sizilianische Produkte (6 st\u00fcck) - Filari Della Rocca\" \/>\n<meta property=\"og:description\" content=\"Geschenkbox sizilianische Produkte (6 st\u00fcck): Wildblumenhonig, 2 Flaschen Natives Oliven\u00f6l extra BIO, Catarratto, Nero d\u2019Avola, Merlot.\" \/>\n<meta property=\"og:url\" content=\"https:\/\/filaridellarocca.it\/de\/product\/geschenkbox-sizilianische-produkte-1-natives-olivenol-extra-vergine-aus-biologischem-anbau-750ml-1-flasche-natives-olivenol-extra-vergine-aus-biologischem-anbau-500ml-1-honig-verpackung-500gr-1-flasch\/\" \/>\n<meta property=\"og:site_name\" content=\"Filari Della Rocca\" \/>\n<meta property=\"og:image\" content=\"https:\/\/filaridellarocca.it\/wp-content\/uploads\/2021\/04\/Confezione-6-Prodotti-1-bott.-Olio-EVO-750ml-1-bott.-Olio-EVO-500ml-1-conf.-Miele-500gr-1-bott.-Catarratto-2019-1-bott.-Nero-dAvola-1-bott.-Merlot.jpg\" \/>\n\t<meta property=\"og:image:width\" content=\"1080\" \/>\n\t<meta property=\"og:image:height\" content=\"1350\" \/>\n\t<meta property=\"og:image:type\" content=\"image\/jpeg\" \/>\n<meta name=\"twitter:card\" content=\"summary_large_image\" \/>\n<script type=\"application\/ld+json\" class=\"yoast-schema-graph\">{\"@context\":\"https:\/\/schema.org\",\"@graph\":[{\"@type\":\"WebPage\",\"@id\":\"https:\/\/filaridellarocca.it\/de\/product\/geschenkbox-sizilianische-produkte-1-natives-olivenol-extra-vergine-aus-biologischem-anbau-750ml-1-flasche-natives-olivenol-extra-vergine-aus-biologischem-anbau-500ml-1-honig-verpackung-500gr-1-flasch\/\",\"url\":\"https:\/\/filaridellarocca.it\/de\/product\/geschenkbox-sizilianische-produkte-1-natives-olivenol-extra-vergine-aus-biologischem-anbau-750ml-1-flasche-natives-olivenol-extra-vergine-aus-biologischem-anbau-500ml-1-honig-verpackung-500gr-1-flasch\/\",\"name\":\"Geschenkbox sizilianische Produkte (6 st\u00fcck) - Filari Della Rocca\",\"isPartOf\":{\"@id\":\"https:\/\/filaridellarocca.it\/#website\"},\"datePublished\":\"2021-04-04T15:31:01+00:00\",\"dateModified\":\"2021-04-04T15:31:01+00:00\",\"description\":\"Geschenkbox sizilianische Produkte (6 st\u00fcck): Wildblumenhonig, 2 Flaschen Natives Oliven\u00f6l extra BIO, Catarratto, Nero d\u2019Avola, Merlot.\",\"breadcrumb\":{\"@id\":\"https:\/\/filaridellarocca.it\/de\/product\/geschenkbox-sizilianische-produkte-1-natives-olivenol-extra-vergine-aus-biologischem-anbau-750ml-1-flasche-natives-olivenol-extra-vergine-aus-biologischem-anbau-500ml-1-honig-verpackung-500gr-1-flasch\/#breadcrumb\"},\"inLanguage\":\"de\",\"potentialAction\":[{\"@type\":\"ReadAction\",\"target\":[\"https:\/\/filaridellarocca.it\/de\/product\/geschenkbox-sizilianische-produkte-1-natives-olivenol-extra-vergine-aus-biologischem-anbau-750ml-1-flasche-natives-olivenol-extra-vergine-aus-biologischem-anbau-500ml-1-honig-verpackung-500gr-1-flasch\/\"]}]},{\"@type\":\"BreadcrumbList\",\"@id\":\"https:\/\/filaridellarocca.it\/de\/product\/geschenkbox-sizilianische-produkte-1-natives-olivenol-extra-vergine-aus-biologischem-anbau-750ml-1-flasche-natives-olivenol-extra-vergine-aus-biologischem-anbau-500ml-1-honig-verpackung-500gr-1-flasch\/#breadcrumb\",\"itemListElement\":[{\"@type\":\"ListItem\",\"position\":1,\"name\":\"Home\",\"item\":\"https:\/\/filaridellarocca.it\/de\/\"},{\"@type\":\"ListItem\",\"position\":2,\"name\":\"Shop\",\"item\":\"https:\/\/filaridellarocca.it\/shop\/\"},{\"@type\":\"ListItem\",\"position\":3,\"name\":\"Geschenkbox mit sizilianischen Produkten (6 St\u00fcck): 1 Flasche Natives Oliven\u00f6l Extra Vergine 750ml + 1 Flasche EVO-\u00d6l 500ml + 1 Packung Honig 400gr + 1 Flasche Catarratto 2019 + Flasche Nero d&#8217;Avola + 1 Flasche Merlot\"}]},{\"@type\":\"WebSite\",\"@id\":\"https:\/\/filaridellarocca.it\/#website\",\"url\":\"https:\/\/filaridellarocca.it\/\",\"name\":\"Filari Della Rocca\",\"description\":\"Azienda Agricola Biologica - Produzione vino e olio Siciliani\",\"potentialAction\":[{\"@type\":\"SearchAction\",\"target\":{\"@type\":\"EntryPoint\",\"urlTemplate\":\"https:\/\/filaridellarocca.it\/?s={search_term_string}\"},\"query-input\":\"required name=search_term_string\"}],\"inLanguage\":\"de\"}]}<\/script>\n<!-- \/ Yoast SEO plugin. -->","yoast_head_json":{"title":"Geschenkbox sizilianische Produkte (6 st\u00fcck) - Filari Della Rocca","description":"Geschenkbox sizilianische Produkte (6 st\u00fcck): Wildblumenhonig, 2 Flaschen Natives Oliven\u00f6l extra BIO, Catarratto, Nero d\u2019Avola, Merlot.","robots":{"index":"index","follow":"follow","max-snippet":"max-snippet:-1","max-image-preview":"max-image-preview:large","max-video-preview":"max-video-preview:-1"},"canonical":"https:\/\/filaridellarocca.it\/de\/product\/geschenkbox-sizilianische-produkte-1-natives-olivenol-extra-vergine-aus-biologischem-anbau-750ml-1-flasche-natives-olivenol-extra-vergine-aus-biologischem-anbau-500ml-1-honig-verpackung-500gr-1-flasch\/","og_locale":"de_DE","og_type":"article","og_title":"Geschenkbox sizilianische Produkte (6 st\u00fcck) - Filari Della Rocca","og_description":"Geschenkbox sizilianische Produkte (6 st\u00fcck): Wildblumenhonig, 2 Flaschen Natives Oliven\u00f6l extra BIO, Catarratto, Nero d\u2019Avola, Merlot.","og_url":"https:\/\/filaridellarocca.it\/de\/product\/geschenkbox-sizilianische-produkte-1-natives-olivenol-extra-vergine-aus-biologischem-anbau-750ml-1-flasche-natives-olivenol-extra-vergine-aus-biologischem-anbau-500ml-1-honig-verpackung-500gr-1-flasch\/","og_site_name":"Filari Della Rocca","og_image":[{"width":1080,"height":1350,"url":"https:\/\/filaridellarocca.it\/wp-content\/uploads\/2021\/04\/Confezione-6-Prodotti-1-bott.-Olio-EVO-750ml-1-bott.-Olio-EVO-500ml-1-conf.-Miele-500gr-1-bott.-Catarratto-2019-1-bott.-Nero-dAvola-1-bott.-Merlot.jpg","type":"image\/jpeg"}],"twitter_card":"summary_large_image","schema":{"@context":"https:\/\/schema.org","@graph":[{"@type":"WebPage","@id":"https:\/\/filaridellarocca.it\/de\/product\/geschenkbox-sizilianische-produkte-1-natives-olivenol-extra-vergine-aus-biologischem-anbau-750ml-1-flasche-natives-olivenol-extra-vergine-aus-biologischem-anbau-500ml-1-honig-verpackung-500gr-1-flasch\/","url":"https:\/\/filaridellarocca.it\/de\/product\/geschenkbox-sizilianische-produkte-1-natives-olivenol-extra-vergine-aus-biologischem-anbau-750ml-1-flasche-natives-olivenol-extra-vergine-aus-biologischem-anbau-500ml-1-honig-verpackung-500gr-1-flasch\/","name":"Geschenkbox sizilianische Produkte (6 st\u00fcck) - Filari Della Rocca","isPartOf":{"@id":"https:\/\/filaridellarocca.it\/#website"},"datePublished":"2021-04-04T15:31:01+00:00","dateModified":"2021-04-04T15:31:01+00:00","description":"Geschenkbox sizilianische Produkte (6 st\u00fcck): Wildblumenhonig, 2 Flaschen Natives Oliven\u00f6l extra BIO, Catarratto, Nero d\u2019Avola, Merlot.","breadcrumb":{"@id":"https:\/\/filaridellarocca.it\/de\/product\/geschenkbox-sizilianische-produkte-1-natives-olivenol-extra-vergine-aus-biologischem-anbau-750ml-1-flasche-natives-olivenol-extra-vergine-aus-biologischem-anbau-500ml-1-honig-verpackung-500gr-1-flasch\/#breadcrumb"},"inLanguage":"de","potentialAction":[{"@type":"ReadAction","target":["https:\/\/filaridellarocca.it\/de\/product\/geschenkbox-sizilianische-produkte-1-natives-olivenol-extra-vergine-aus-biologischem-anbau-750ml-1-flasche-natives-olivenol-extra-vergine-aus-biologischem-anbau-500ml-1-honig-verpackung-500gr-1-flasch\/"]}]},{"@type":"BreadcrumbList","@id":"https:\/\/filaridellarocca.it\/de\/product\/geschenkbox-sizilianische-produkte-1-natives-olivenol-extra-vergine-aus-biologischem-anbau-750ml-1-flasche-natives-olivenol-extra-vergine-aus-biologischem-anbau-500ml-1-honig-verpackung-500gr-1-flasch\/#breadcrumb","itemListElement":[{"@type":"ListItem","position":1,"name":"Home","item":"https:\/\/filaridellarocca.it\/de\/"},{"@type":"ListItem","position":2,"name":"Shop","item":"https:\/\/filaridellarocca.it\/shop\/"},{"@type":"ListItem","position":3,"name":"Geschenkbox mit sizilianischen Produkten (6 St\u00fcck): 1 Flasche Natives Oliven\u00f6l Extra Vergine 750ml + 1 Flasche EVO-\u00d6l 500ml + 1 Packung Honig 400gr + 1 Flasche Catarratto 2019 + Flasche Nero d&#8217;Avola + 1 Flasche Merlot"}]},{"@type":"WebSite","@id":"https:\/\/filaridellarocca.it\/#website","url":"https:\/\/filaridellarocca.it\/","name":"Filari Della Rocca","description":"Azienda Agricola Biologica - Produzione vino e olio Siciliani","potentialAction":[{"@type":"SearchAction","target":{"@type":"EntryPoint","urlTemplate":"https:\/\/filaridellarocca.it\/?s={search_term_string}"},"query-input":"required name=search_term_string"}],"inLanguage":"de"}]}},"_links":{"self":[{"href":"https:\/\/filaridellarocca.it\/de\/wp-json\/wp\/v2\/product\/7141"}],"collection":[{"href":"https:\/\/filaridellarocca.it\/de\/wp-json\/wp\/v2\/product"}],"about":[{"href":"https:\/\/filaridellarocca.it\/de\/wp-json\/wp\/v2\/types\/product"}],"replies":[{"embeddable":true,"href":"https:\/\/filaridellarocca.it\/de\/wp-json\/wp\/v2\/comments?post=7141"}],"wp:featuredmedia":[{"embeddable":true,"href":"https:\/\/filaridellarocca.it\/de\/wp-json\/wp\/v2\/media\/6818"}],"wp:attachment":[{"href":"https:\/\/filaridellarocca.it\/de\/wp-json\/wp\/v2\/media?parent=7141"}],"wp:term":[{"taxonomy":"brand","embeddable":true,"href":"https:\/\/filaridellarocca.it\/de\/wp-json\/wp\/v2\/etheme_brands?post=7141"},{"taxonomy":"product_cat","embeddable":true,"href":"https:\/\/filaridellarocca.it\/de\/wp-json\/wp\/v2\/product_cat?post=7141"},{"taxonomy":"product_tag","embeddable":true,"href":"https:\/\/filaridellarocca.it\/de\/wp-json\/wp\/v2\/product_tag?post=7141"}],"curies":[{"name":"wp","href":"https:\/\/api.w.org\/{rel}","templated":true}]}}