{"id":7132,"date":"2021-06-28T19:50:21","date_gmt":"2021-06-28T18:50:21","guid":{"rendered":"https:\/\/filaridellarocca.it\/product\/rosato-biologico-doc-sicilia-75cl\/"},"modified":"2023-04-06T17:01:17","modified_gmt":"2023-04-06T16:01:17","slug":"rosewein-igt-terre-siciliane-biologisch-contessa-entellina-filari-della-rocca-flaschen-75cl","status":"publish","type":"product","link":"https:\/\/filaridellarocca.it\/de\/product\/rosewein-igt-terre-siciliane-biologisch-contessa-entellina-filari-della-rocca-flaschen-75cl\/","title":{"rendered":"Rosato D.O.C. Sicilia biologisch &#8211; 75cl"},"content":{"rendered":"<div class=\"page\" title=\"Page 1\">\n<div class=\"layoutArea\">\n<div class=\"column\">\n<h1>ROSATO D.O.C. Sicilia biologisch<\/h1>\n<hr \/>\n<div class=\"page\" title=\"Page 1\">\n<div class=\"layoutArea\">\n<div class=\"column\">\n<p><strong>Der Ros\u00e9 Rows of the Rocca<\/strong> ist das Ergebnis der <strong>Vinifikation von<\/strong> <strong>Nero D&#8217;Avola-Trauben<\/strong>, die f\u00fcr kurze Zeit auf den Schalen mazeriert Werden, gerade lange genug, um dem Wein seine wunderbar leuchtende rosa Farbe zu verleihen. Er <strong>zeigt delikate Duftnuancen aus Erdbeere und Veilchen<\/strong>, beim Trinken ist er frisch und elegant.<\/p>\n<hr \/>\n<div class=\"page\" title=\"Page 1\">\n<div class=\"layoutArea\">\n<div class=\"column\">\n<div class=\"page\" title=\"Page 1\">\n<div class=\"layoutArea\">\n<div class=\"page\" title=\"Page 1\">\n<div class=\"layoutArea\">\n<div class=\"column\">\n<div class=\"page\" title=\"Page 1\">\n<div class=\"layoutArea\">\n<div>\n<div class=\"page\" title=\"Page 1\">\n<div class=\"layoutArea\">\n<h2 class=\"column\">Bei der Verkostung:<\/h2>\n<\/div>\n<\/div>\n<\/div>\n<\/div>\n<\/div>\n<div class=\"page\" title=\"Page 1\">\n<div class=\"layoutArea\">\n<div class=\"page\" title=\"Page 1\">\n<div class=\"layoutArea\">\n<div class=\"page\" title=\"Page 1\">\n<div class=\"layoutArea\">\n<div class=\"column\">\n<div class=\"page\" title=\"Page 1\">\n<div class=\"layoutArea\">\n<div class=\"column\">\n<div class=\"page\" title=\"Page 1\">\n<div class=\"layoutArea\">\n<ul>\n<li class=\"column\"><strong>Rebsorte: <\/strong> 100% Nero D\u2019Avola<\/li>\n<li class=\"column\"><strong>Typologie: <\/strong> Rosato \u2013 D.O.C. Sicilia<\/li>\n<li class=\"column\"><strong>Farbe: <\/strong> Zartrosa mit fuchsiafarbenen Reflexen<\/li>\n<li class=\"column\"><strong>Nase: <\/strong> Runde, frische und fruchtige Aromen, die an Erdbeeren und Veilchen erinnern, aber auch elegante und im Abgang lang anhaltende tropische Fr\u00fcchte kommen zum Vorschein.<\/li>\n<li class=\"column\"><strong>Gaumen: <\/strong> Vollmundig, nachhaltig und harmonisch mit Ankl\u00e4ngen an frische Fr\u00fcchte, Pfirsich und roten Apfel.<\/li>\n<li class=\"column\"><strong>Passt zu: <\/strong> Ein vielseitiger Wein, der zu Vorspeisen mit Wurst- und K\u00e4sespezialit\u00e4ten ebenso passt wie zu Pastagerichten mit Gem\u00fcse und zu Hauptgerichten aus Gefl\u00fcgel, Kalb oder Fisch (Krabben, Schwertfisch).<\/li>\n<li class=\"column\"><strong>Glas:<\/strong> Mittelgro\u00dfes Tulpenglas, um dem Bouquet Raum zu geben<\/li>\n<li class=\"column\"><strong>Serviertemperatur: <\/strong> 10-12 \u00b0C<\/li>\n<li class=\"column\"><strong>Alkoholgehalt: <\/strong> 12,50% vol.<\/li>\n<\/ul>\n<div class=\"page\" title=\"Page 1\">\n<div class=\"layoutArea\">\n<div>\n<hr \/>\n<h2>Technische Daten:<\/h2>\n<div class=\"page\" title=\"Page 1\">\n<div class=\"layoutArea\">\n<ul>\n<li class=\"column\"><strong>Bodenbeschaffenheit: <\/strong> H\u00fcgellage, Lehmboden von mittlerer Dichte<\/li>\n<li class=\"column\"><strong>H\u00f6he \u00fc. M.: <\/strong> 380 m<\/li>\n<li class=\"column\"><strong>Erste Bestockung:<\/strong> 2005<\/li>\n<li class=\"column\"><strong>Anbaugebiet: <\/strong> Contrada Costiere Contessa Entellina (PA)<\/li>\n<li class=\"column\"><strong>Stockdichte pro Hektar: <\/strong> 4.400<\/li>\n<li class=\"column\"><strong>Ertrag pro Hektar:<\/strong> 80 Qt<\/li>\n<li class=\"column\"><strong>Ernteperiode:<\/strong> Zweite Dekade im September, Lese und Selektion der Trauben erfolgen manuell<\/li>\n<li class=\"column\"><strong>G\u00e4rungsdauer: <\/strong> Etwa 3 Stunden lang in Edelstahlbeh\u00e4ltern auf den Schalen .<\/li>\n<li class=\"column\"><strong>Affination in der Flasche: <\/strong> Die Affination erfolgt auf den edlen Hefen in Stahltanks und dauert etwa 7 Monate; nach der Abf\u00fcllung ist eine einmonatige Ruhezeit in der Flasche notwendig, damit eine gewisse organoleptische Reife gew\u00e4hrleistet wird.<\/li>\n<\/ul>\n<div class=\"page\" title=\"Page 1\">\n<div class=\"layoutArea\"><\/div>\n<\/div>\n<\/div>\n<\/div>\n<\/div>\n<\/div>\n<\/div>\n<\/div>\n<\/div>\n<\/div>\n<\/div>\n<\/div>\n<\/div>\n<\/div>\n<\/div>\n<hr \/>\n<p><img loading=\"lazy\" class=\"alignnone wp-image-6434\" src=\"https:\/\/filaridellarocca.it\/wp-content\/uploads\/2020\/04\/6978086_preview-300x300.png\" alt=\"\" width=\"44\" height=\"44\" srcset=\"https:\/\/filaridellarocca.it\/wp-content\/uploads\/2020\/04\/6978086_preview-300x300.png 300w, https:\/\/filaridellarocca.it\/wp-content\/uploads\/2020\/04\/6978086_preview-150x150.png 150w, https:\/\/filaridellarocca.it\/wp-content\/uploads\/2020\/04\/6978086_preview-4x5.png 4w, https:\/\/filaridellarocca.it\/wp-content\/uploads\/2020\/04\/6978086_preview-10x10.png 10w, https:\/\/filaridellarocca.it\/wp-content\/uploads\/2020\/04\/6978086_preview-500x512.png 500w, https:\/\/filaridellarocca.it\/wp-content\/uploads\/2020\/04\/6978086_preview-100x100.png 100w, https:\/\/filaridellarocca.it\/wp-content\/uploads\/2020\/04\/6978086_preview.png 512w\" sizes=\"(max-width: 44px) 100vw, 44px\" \/><a href=\"https:\/\/filaridellarocca.it\/wp-content\/uploads\/2022\/05\/Scheda-tecnica-Rosato-English.pdf\" target=\"_blank\" rel=\"noopener\">Laden Sie das technische Datenblatt herunter <strong>Rosato<\/strong> (Englisch)<\/a><\/p>\n<hr \/>\n<p>&nbsp;<\/p>\n<\/div>\n<\/div>\n<\/div>\n<\/div>\n<\/div>\n<\/div>\n<\/div>\n<\/div>\n<\/div>\n<p>&nbsp;<\/p>\n<\/div>\n<\/div>\n<\/div>\n<\/div>\n<\/div>\n<\/div>\n<\/div>\n<\/div>\n<\/div>\n","protected":false},"excerpt":{"rendered":"<div class=\"page\" title=\"Page 1\">\n<div class=\"layoutArea\">\n<div class=\"column\">\n<p><strong>Der Ros\u00e9 Filari Della Rocca <\/strong>ist das Ergebnis der <strong>Vinifikation von<\/strong> <strong>Nero D&#8217;Avola-Trauben,<\/strong> die f\u00fcr kurze Zeit auf den Schalen mazeriert werden, gerade lange genug, um dem Wein seine wunderbare leuchtend rosa Farbe zu verleihen. Er <strong>zeigt delikate Duftnuancen aus Erdbeere und Veilchen<\/strong>, beim Trinken ist er frisch und elegant.<\/p>\n<div class=\"page\" title=\"Page 1\">\n<div class=\"layoutArea\">\n<div class=\"column\"><\/div>\n<\/div>\n<\/div>\n<\/div>\n<\/div>\n<\/div>\n<p>&nbsp;<\/p>\n","protected":false},"featured_media":6894,"comment_status":"closed","ping_status":"closed","template":"","meta":[],"etheme_brands":[],"product_cat":[98,96],"product_tag":[112,102],"acf":[],"yoast_head":"<!-- This site is optimized with the Yoast SEO plugin v19.6 - https:\/\/yoast.com\/wordpress\/plugins\/seo\/ -->\n<title>Vino Rosato D.O.C. Sicilia Biologico 75cl - Filari Della Rocca<\/title>\n<meta name=\"description\" content=\"Der Ros\u00e9 Filari Della Rocca ist das Ergebnis der Vinifikation von Nero d&#039;Avola-Trauben, die f\u00fcr kurze Zeit auf den Schalen...\" \/>\n<meta name=\"robots\" content=\"index, follow, max-snippet:-1, max-image-preview:large, max-video-preview:-1\" \/>\n<link rel=\"canonical\" href=\"https:\/\/filaridellarocca.it\/de\/product\/rosewein-igt-terre-siciliane-biologisch-contessa-entellina-filari-della-rocca-flaschen-75cl\/\" \/>\n<meta property=\"og:locale\" content=\"de_DE\" \/>\n<meta property=\"og:type\" content=\"article\" \/>\n<meta property=\"og:title\" content=\"Vino Rosato D.O.C. Sicilia Biologico 75cl - Filari Della Rocca\" \/>\n<meta property=\"og:description\" content=\"Der Ros\u00e9 Filari Della Rocca ist das Ergebnis der Vinifikation von Nero d&#039;Avola-Trauben, die f\u00fcr kurze Zeit auf den Schalen...\" \/>\n<meta property=\"og:url\" content=\"https:\/\/filaridellarocca.it\/de\/product\/rosewein-igt-terre-siciliane-biologisch-contessa-entellina-filari-della-rocca-flaschen-75cl\/\" \/>\n<meta property=\"og:site_name\" content=\"Filari Della Rocca\" \/>\n<meta property=\"article:modified_time\" content=\"2023-04-06T16:01:17+00:00\" \/>\n<meta property=\"og:image\" content=\"https:\/\/filaridellarocca.it\/wp-content\/uploads\/2021\/06\/rosato.jpg\" \/>\n\t<meta property=\"og:image:width\" content=\"1080\" \/>\n\t<meta property=\"og:image:height\" content=\"1350\" \/>\n\t<meta property=\"og:image:type\" content=\"image\/jpeg\" \/>\n<meta name=\"twitter:card\" content=\"summary_large_image\" \/>\n<meta name=\"twitter:label1\" content=\"Gesch\u00e4tzte Lesezeit\" \/>\n\t<meta name=\"twitter:data1\" content=\"2\u00a0Minuten\" \/>\n<script type=\"application\/ld+json\" class=\"yoast-schema-graph\">{\"@context\":\"https:\/\/schema.org\",\"@graph\":[{\"@type\":\"WebPage\",\"@id\":\"https:\/\/filaridellarocca.it\/de\/product\/rosewein-igt-terre-siciliane-biologisch-contessa-entellina-filari-della-rocca-flaschen-75cl\/\",\"url\":\"https:\/\/filaridellarocca.it\/de\/product\/rosewein-igt-terre-siciliane-biologisch-contessa-entellina-filari-della-rocca-flaschen-75cl\/\",\"name\":\"Vino Rosato D.O.C. Sicilia Biologico 75cl - Filari Della Rocca\",\"isPartOf\":{\"@id\":\"https:\/\/filaridellarocca.it\/#website\"},\"datePublished\":\"2021-06-28T18:50:21+00:00\",\"dateModified\":\"2023-04-06T16:01:17+00:00\",\"description\":\"Der Ros\u00e9 Filari Della Rocca ist das Ergebnis der Vinifikation von Nero d'Avola-Trauben, die f\u00fcr kurze Zeit auf den Schalen...\",\"breadcrumb\":{\"@id\":\"https:\/\/filaridellarocca.it\/de\/product\/rosewein-igt-terre-siciliane-biologisch-contessa-entellina-filari-della-rocca-flaschen-75cl\/#breadcrumb\"},\"inLanguage\":\"de\",\"potentialAction\":[{\"@type\":\"ReadAction\",\"target\":[\"https:\/\/filaridellarocca.it\/de\/product\/rosewein-igt-terre-siciliane-biologisch-contessa-entellina-filari-della-rocca-flaschen-75cl\/\"]}]},{\"@type\":\"BreadcrumbList\",\"@id\":\"https:\/\/filaridellarocca.it\/de\/product\/rosewein-igt-terre-siciliane-biologisch-contessa-entellina-filari-della-rocca-flaschen-75cl\/#breadcrumb\",\"itemListElement\":[{\"@type\":\"ListItem\",\"position\":1,\"name\":\"Home\",\"item\":\"https:\/\/filaridellarocca.it\/de\/\"},{\"@type\":\"ListItem\",\"position\":2,\"name\":\"Shop\",\"item\":\"https:\/\/filaridellarocca.it\/shop\/\"},{\"@type\":\"ListItem\",\"position\":3,\"name\":\"Rosato D.O.C. Sicilia biologisch &#8211; 75cl\"}]},{\"@type\":\"WebSite\",\"@id\":\"https:\/\/filaridellarocca.it\/#website\",\"url\":\"https:\/\/filaridellarocca.it\/\",\"name\":\"Filari Della Rocca\",\"description\":\"Azienda Agricola Biologica - Produzione vino e olio Siciliani\",\"potentialAction\":[{\"@type\":\"SearchAction\",\"target\":{\"@type\":\"EntryPoint\",\"urlTemplate\":\"https:\/\/filaridellarocca.it\/?s={search_term_string}\"},\"query-input\":\"required name=search_term_string\"}],\"inLanguage\":\"de\"}]}<\/script>\n<!-- \/ Yoast SEO plugin. -->","yoast_head_json":{"title":"Vino Rosato D.O.C. Sicilia Biologico 75cl - Filari Della Rocca","description":"Der Ros\u00e9 Filari Della Rocca ist das Ergebnis der Vinifikation von Nero d'Avola-Trauben, die f\u00fcr kurze Zeit auf den Schalen...","robots":{"index":"index","follow":"follow","max-snippet":"max-snippet:-1","max-image-preview":"max-image-preview:large","max-video-preview":"max-video-preview:-1"},"canonical":"https:\/\/filaridellarocca.it\/de\/product\/rosewein-igt-terre-siciliane-biologisch-contessa-entellina-filari-della-rocca-flaschen-75cl\/","og_locale":"de_DE","og_type":"article","og_title":"Vino Rosato D.O.C. Sicilia Biologico 75cl - Filari Della Rocca","og_description":"Der Ros\u00e9 Filari Della Rocca ist das Ergebnis der Vinifikation von Nero d'Avola-Trauben, die f\u00fcr kurze Zeit auf den Schalen...","og_url":"https:\/\/filaridellarocca.it\/de\/product\/rosewein-igt-terre-siciliane-biologisch-contessa-entellina-filari-della-rocca-flaschen-75cl\/","og_site_name":"Filari Della Rocca","article_modified_time":"2023-04-06T16:01:17+00:00","og_image":[{"width":1080,"height":1350,"url":"https:\/\/filaridellarocca.it\/wp-content\/uploads\/2021\/06\/rosato.jpg","type":"image\/jpeg"}],"twitter_card":"summary_large_image","twitter_misc":{"Gesch\u00e4tzte Lesezeit":"2\u00a0Minuten"},"schema":{"@context":"https:\/\/schema.org","@graph":[{"@type":"WebPage","@id":"https:\/\/filaridellarocca.it\/de\/product\/rosewein-igt-terre-siciliane-biologisch-contessa-entellina-filari-della-rocca-flaschen-75cl\/","url":"https:\/\/filaridellarocca.it\/de\/product\/rosewein-igt-terre-siciliane-biologisch-contessa-entellina-filari-della-rocca-flaschen-75cl\/","name":"Vino Rosato D.O.C. Sicilia Biologico 75cl - Filari Della Rocca","isPartOf":{"@id":"https:\/\/filaridellarocca.it\/#website"},"datePublished":"2021-06-28T18:50:21+00:00","dateModified":"2023-04-06T16:01:17+00:00","description":"Der Ros\u00e9 Filari Della Rocca ist das Ergebnis der Vinifikation von Nero d'Avola-Trauben, die f\u00fcr kurze Zeit auf den Schalen...","breadcrumb":{"@id":"https:\/\/filaridellarocca.it\/de\/product\/rosewein-igt-terre-siciliane-biologisch-contessa-entellina-filari-della-rocca-flaschen-75cl\/#breadcrumb"},"inLanguage":"de","potentialAction":[{"@type":"ReadAction","target":["https:\/\/filaridellarocca.it\/de\/product\/rosewein-igt-terre-siciliane-biologisch-contessa-entellina-filari-della-rocca-flaschen-75cl\/"]}]},{"@type":"BreadcrumbList","@id":"https:\/\/filaridellarocca.it\/de\/product\/rosewein-igt-terre-siciliane-biologisch-contessa-entellina-filari-della-rocca-flaschen-75cl\/#breadcrumb","itemListElement":[{"@type":"ListItem","position":1,"name":"Home","item":"https:\/\/filaridellarocca.it\/de\/"},{"@type":"ListItem","position":2,"name":"Shop","item":"https:\/\/filaridellarocca.it\/shop\/"},{"@type":"ListItem","position":3,"name":"Rosato D.O.C. Sicilia biologisch &#8211; 75cl"}]},{"@type":"WebSite","@id":"https:\/\/filaridellarocca.it\/#website","url":"https:\/\/filaridellarocca.it\/","name":"Filari Della Rocca","description":"Azienda Agricola Biologica - Produzione vino e olio Siciliani","potentialAction":[{"@type":"SearchAction","target":{"@type":"EntryPoint","urlTemplate":"https:\/\/filaridellarocca.it\/?s={search_term_string}"},"query-input":"required name=search_term_string"}],"inLanguage":"de"}]}},"_links":{"self":[{"href":"https:\/\/filaridellarocca.it\/de\/wp-json\/wp\/v2\/product\/7132"}],"collection":[{"href":"https:\/\/filaridellarocca.it\/de\/wp-json\/wp\/v2\/product"}],"about":[{"href":"https:\/\/filaridellarocca.it\/de\/wp-json\/wp\/v2\/types\/product"}],"replies":[{"embeddable":true,"href":"https:\/\/filaridellarocca.it\/de\/wp-json\/wp\/v2\/comments?post=7132"}],"wp:featuredmedia":[{"embeddable":true,"href":"https:\/\/filaridellarocca.it\/de\/wp-json\/wp\/v2\/media\/6894"}],"wp:attachment":[{"href":"https:\/\/filaridellarocca.it\/de\/wp-json\/wp\/v2\/media?parent=7132"}],"wp:term":[{"taxonomy":"brand","embeddable":true,"href":"https:\/\/filaridellarocca.it\/de\/wp-json\/wp\/v2\/etheme_brands?post=7132"},{"taxonomy":"product_cat","embeddable":true,"href":"https:\/\/filaridellarocca.it\/de\/wp-json\/wp\/v2\/product_cat?post=7132"},{"taxonomy":"product_tag","embeddable":true,"href":"https:\/\/filaridellarocca.it\/de\/wp-json\/wp\/v2\/product_tag?post=7132"}],"curies":[{"name":"wp","href":"https:\/\/api.w.org\/{rel}","templated":true}]}}