{"id":7129,"date":"2020-04-14T18:05:44","date_gmt":"2020-04-14T17:05:44","guid":{"rendered":"https:\/\/filaridellarocca.it\/product\/bio-nero-davola-d-o-c-sizilien-2019-75cl\/"},"modified":"2022-05-30T10:15:37","modified_gmt":"2022-05-30T09:15:37","slug":"nero-davola-doc-sizilien-biologisch-contessa-entellina-filari-della-rocca-bottiglia-75cl","status":"publish","type":"product","link":"https:\/\/filaridellarocca.it\/de\/product\/nero-davola-doc-sizilien-biologisch-contessa-entellina-filari-della-rocca-bottiglia-75cl\/","title":{"rendered":"Bio-Nero D&#8217;Avola D.O.C. Sizilien 2019 &#8211; 75cl"},"content":{"rendered":"<h1>Bio-Nero D&#8217;Avola D.O.C. Sizilien<\/h1>\n<hr \/>\n<div class=\"page\" title=\"Page 1\">\n<div class=\"layoutArea\">\n<div class=\"column\">\n<p>Aus der bedeutendsten<strong>rotbeerigen<\/strong> Traube Siziliens entsteht der <strong>Nero d&#8217;Avola<\/strong> Filari ein vielschichtiger <strong>Wein mit ausgepr\u00e4gter Pers\u00f6nlichkeit \u00fcberraschend<\/strong> angenehm zu trinken der <strong>dank seiner bemerkenswerten Ausgewogenheit<\/strong>sein Terroir kraftvoll repr\u00e4sentiert.<\/p>\n<p>Auf lehmhaltigen, kalk- und kaliumreichen B\u00f6den wachsen die jungen, kr\u00e4ftigen Reben der Sorte Nero d&#8217;Avola; <strong>der Weingarten wurde 2005 in Spaliererziehung nach Guyot angelegt.<\/strong><\/p>\n<hr \/>\n<div class=\"page\" title=\"Page 1\">\n<div class=\"layoutArea\">\n<div class=\"column\">\n<h2>Bei der Verkostung:<\/h2>\n<div class=\"page\" title=\"Page 1\">\n<div class=\"layoutArea\">\n<div class=\"column\">\n<ul>\n<li><strong>Rebsorte: <\/strong> 100% Nero D\u2019Avola<\/li>\n<li><strong>Typologie:<\/strong> Rot \u2013 D.O.C. Sicilia<\/li>\n<li><strong>Farbe:<\/strong> Tiefes Rubinrot mit lebhaften, leuchtenden Reflexen<\/li>\n<li><strong>Nase:<\/strong>Gut strukturiertes Gewebe von Aromen, in dem sich runde, duftige Nuancen aus Pflaume, Himbeeren, Brombeere, Kirsche, Veilchen, Mittelmeer-Macchia, Muskatnuss und Schokolade herauskristallisieren.<\/li>\n<li><strong>Gaumen: <\/strong> ntensiv, kraftvoll und gut strukturiert, zeigt er sich weich und pulsierend und ist dank seiner harmonischen Geschmacksnuancen und des langen, sanften Abgangs sehr angenehm zu trinken.<\/li>\n<li><strong>Passt zu: <\/strong> Ideal zu Pastagerichten wie anelletti al forno alla palermitana oder zu einem saftigen Filet vom Thunfisch.<\/li>\n<li><strong>Glas: <\/strong> Leicht gebauchter Rotweinkelch von mittlerer H\u00f6he und Umfang<\/li>\n<li><strong>Serviertemperatur: <\/strong> 16\u00b0C<\/li>\n<li><strong>Alkoholgehalt: <\/strong> 13% vol.<\/li>\n<\/ul>\n<hr \/>\n<div class=\"page\" title=\"Page 1\">\n<div class=\"layoutArea\">\n<div class=\"column\">\n<h2>Technische Daten:<\/h2>\n<div class=\"page\" title=\"Page 1\">\n<div class=\"layoutArea\">\n<div class=\"column\">\n<ul>\n<li><strong>Bodenbeschaffenheit: <\/strong> H\u00fcgellage, Lehmboden von mittlerer Dichte<\/li>\n<li><strong>H\u00f6he \u00fc. M.: <\/strong> 380 m<\/li>\n<li><strong>Erste Bestockung:<\/strong> 2005<\/li>\n<li><strong>Anbaugebiet: <\/strong> Contrada Costiere Contessa Entellina (PA)<br \/>\n<strong>Stockdichte pro Hektar: <\/strong> 4.400<\/li>\n<li><strong>Ertrag pro Hektar:<\/strong> 80 Qt<\/li>\n<li><strong>Ernteperiode:<\/strong> Zweite Dekade im September, Lese und Selektion der Trauben erfolgen manuell<\/li>\n<li><strong>G\u00e4rungsdauer: <\/strong> 7 Tage bei 23-26 \u00b0C in Edelstahltanks<\/li>\n<li><strong>Mazeration: <\/strong> Etwa 12 Tage bei kontrollierter Temperatur<\/li>\n<li><strong>Affination: <\/strong> 8 Monate in Edelstahlsilos und 6 Monate bei kontrollierter Temperatur (18\u00b0 C)<\/li>\n<\/ul>\n<hr \/>\n<p><img loading=\"lazy\" class=\"alignnone wp-image-6434\" src=\"https:\/\/filaridellarocca.it\/wp-content\/uploads\/2020\/04\/6978086_preview-300x300.png\" alt=\"\" width=\"44\" height=\"44\" srcset=\"https:\/\/filaridellarocca.it\/wp-content\/uploads\/2020\/04\/6978086_preview-300x300.png 300w, https:\/\/filaridellarocca.it\/wp-content\/uploads\/2020\/04\/6978086_preview-150x150.png 150w, https:\/\/filaridellarocca.it\/wp-content\/uploads\/2020\/04\/6978086_preview-4x5.png 4w, https:\/\/filaridellarocca.it\/wp-content\/uploads\/2020\/04\/6978086_preview-10x10.png 10w, https:\/\/filaridellarocca.it\/wp-content\/uploads\/2020\/04\/6978086_preview-500x512.png 500w, https:\/\/filaridellarocca.it\/wp-content\/uploads\/2020\/04\/6978086_preview-100x100.png 100w, https:\/\/filaridellarocca.it\/wp-content\/uploads\/2020\/04\/6978086_preview.png 512w\" sizes=\"(max-width: 44px) 100vw, 44px\" \/><a href=\"https:\/\/filaridellarocca.it\/wp-content\/uploads\/2022\/05\/Scheda-Tecnica-Nero-D_Avola-English.pdf\" target=\"_blank\" rel=\"noopener\">Laden Sie das technische Datenblatt herunter <strong>Nero D&#8217;Avola <\/strong><\/a>(Englisch)<\/p>\n<hr \/>\n<p>&nbsp;<\/p>\n<\/div>\n<\/div>\n<\/div>\n<\/div>\n<\/div>\n<\/div>\n<\/div>\n<\/div>\n<\/div>\n<\/div>\n<\/div>\n<\/div>\n<\/div>\n<\/div>\n<\/div>\n","protected":false},"excerpt":{"rendered":"<p>Aus der bedeutendsten<strong>rotbeerigen<\/strong> Traube Siziliens entsteht der <strong>Nero d&#8217;Avola<\/strong> Filari ein vielschichtiger <strong>Wein mit ausgepr\u00e4gter Pers\u00f6nlichkeit \u00fcberraschend<\/strong> angenehm zu trinken der <strong>dank seiner bemerkenswerten Ausgewogenheit<\/strong>sein Terroir kraftvoll repr\u00e4sentiert.<\/p>\n<p>Auf lehmhaltigen, kalk- und kaliumreichen B\u00f6den wachsen die jungen, kr\u00e4ftigen Reben der Sorte Nero d&#8217;Avola; <strong>der Weingarten wurde 2005 in Spaliererziehung nach Guyot angelegt.<\/strong><\/p>\n","protected":false},"featured_media":6724,"comment_status":"closed","ping_status":"closed","template":"","meta":[],"etheme_brands":[],"product_cat":[98,96],"product_tag":[108,110,102],"acf":[],"yoast_head":"<!-- This site is optimized with the Yoast SEO plugin v19.6 - https:\/\/yoast.com\/wordpress\/plugins\/seo\/ -->\n<title>Bio-Nero D&#039;Avola D.O.C. Sizilien 2019 - 75cl - Filari Della Rocca<\/title>\n<meta name=\"description\" content=\"Aus der bedeutendsten rotbeerigen Traube Siziliens entsteht der Nero d&#039;Avola Filari, ein vielschichtiger Wein mit ausgepr\u00e4gter ...\" \/>\n<meta name=\"robots\" content=\"index, follow, max-snippet:-1, max-image-preview:large, max-video-preview:-1\" \/>\n<link rel=\"canonical\" href=\"https:\/\/filaridellarocca.it\/de\/product\/nero-davola-doc-sizilien-biologisch-contessa-entellina-filari-della-rocca-bottiglia-75cl\/\" \/>\n<meta property=\"og:locale\" content=\"de_DE\" \/>\n<meta property=\"og:type\" content=\"article\" \/>\n<meta property=\"og:title\" content=\"Bio-Nero D&#039;Avola D.O.C. Sizilien 2019 - 75cl - Filari Della Rocca\" \/>\n<meta property=\"og:description\" content=\"Aus der bedeutendsten rotbeerigen Traube Siziliens entsteht der Nero d&#039;Avola Filari, ein vielschichtiger Wein mit ausgepr\u00e4gter ...\" \/>\n<meta property=\"og:url\" content=\"https:\/\/filaridellarocca.it\/de\/product\/nero-davola-doc-sizilien-biologisch-contessa-entellina-filari-della-rocca-bottiglia-75cl\/\" \/>\n<meta property=\"og:site_name\" content=\"Filari Della Rocca\" \/>\n<meta property=\"article:modified_time\" content=\"2022-05-30T09:15:37+00:00\" \/>\n<meta property=\"og:image\" content=\"https:\/\/filaridellarocca.it\/wp-content\/uploads\/2021\/04\/nerodavola-filari-della-rocca-bottiglia-singola.jpg\" \/>\n\t<meta property=\"og:image:width\" content=\"1080\" \/>\n\t<meta property=\"og:image:height\" content=\"1350\" \/>\n\t<meta property=\"og:image:type\" content=\"image\/jpeg\" \/>\n<meta name=\"twitter:card\" content=\"summary_large_image\" \/>\n<meta name=\"twitter:label1\" content=\"Gesch\u00e4tzte Lesezeit\" \/>\n\t<meta name=\"twitter:data1\" content=\"2\u00a0Minuten\" \/>\n<script type=\"application\/ld+json\" class=\"yoast-schema-graph\">{\"@context\":\"https:\/\/schema.org\",\"@graph\":[{\"@type\":\"WebPage\",\"@id\":\"https:\/\/filaridellarocca.it\/de\/product\/nero-davola-doc-sizilien-biologisch-contessa-entellina-filari-della-rocca-bottiglia-75cl\/\",\"url\":\"https:\/\/filaridellarocca.it\/de\/product\/nero-davola-doc-sizilien-biologisch-contessa-entellina-filari-della-rocca-bottiglia-75cl\/\",\"name\":\"Bio-Nero D'Avola D.O.C. Sizilien 2019 - 75cl - Filari Della Rocca\",\"isPartOf\":{\"@id\":\"https:\/\/filaridellarocca.it\/#website\"},\"datePublished\":\"2020-04-14T17:05:44+00:00\",\"dateModified\":\"2022-05-30T09:15:37+00:00\",\"description\":\"Aus der bedeutendsten rotbeerigen Traube Siziliens entsteht der Nero d'Avola Filari, ein vielschichtiger Wein mit ausgepr\u00e4gter ...\",\"breadcrumb\":{\"@id\":\"https:\/\/filaridellarocca.it\/de\/product\/nero-davola-doc-sizilien-biologisch-contessa-entellina-filari-della-rocca-bottiglia-75cl\/#breadcrumb\"},\"inLanguage\":\"de\",\"potentialAction\":[{\"@type\":\"ReadAction\",\"target\":[\"https:\/\/filaridellarocca.it\/de\/product\/nero-davola-doc-sizilien-biologisch-contessa-entellina-filari-della-rocca-bottiglia-75cl\/\"]}]},{\"@type\":\"BreadcrumbList\",\"@id\":\"https:\/\/filaridellarocca.it\/de\/product\/nero-davola-doc-sizilien-biologisch-contessa-entellina-filari-della-rocca-bottiglia-75cl\/#breadcrumb\",\"itemListElement\":[{\"@type\":\"ListItem\",\"position\":1,\"name\":\"Home\",\"item\":\"https:\/\/filaridellarocca.it\/de\/\"},{\"@type\":\"ListItem\",\"position\":2,\"name\":\"Shop\",\"item\":\"https:\/\/filaridellarocca.it\/shop\/\"},{\"@type\":\"ListItem\",\"position\":3,\"name\":\"Bio-Nero D&#8217;Avola D.O.C. Sizilien 2019 &#8211; 75cl\"}]},{\"@type\":\"WebSite\",\"@id\":\"https:\/\/filaridellarocca.it\/#website\",\"url\":\"https:\/\/filaridellarocca.it\/\",\"name\":\"Filari Della Rocca\",\"description\":\"Azienda Agricola Biologica - Produzione vino e olio Siciliani\",\"potentialAction\":[{\"@type\":\"SearchAction\",\"target\":{\"@type\":\"EntryPoint\",\"urlTemplate\":\"https:\/\/filaridellarocca.it\/?s={search_term_string}\"},\"query-input\":\"required name=search_term_string\"}],\"inLanguage\":\"de\"}]}<\/script>\n<!-- \/ Yoast SEO plugin. -->","yoast_head_json":{"title":"Bio-Nero D'Avola D.O.C. Sizilien 2019 - 75cl - Filari Della Rocca","description":"Aus der bedeutendsten rotbeerigen Traube Siziliens entsteht der Nero d'Avola Filari, ein vielschichtiger Wein mit ausgepr\u00e4gter ...","robots":{"index":"index","follow":"follow","max-snippet":"max-snippet:-1","max-image-preview":"max-image-preview:large","max-video-preview":"max-video-preview:-1"},"canonical":"https:\/\/filaridellarocca.it\/de\/product\/nero-davola-doc-sizilien-biologisch-contessa-entellina-filari-della-rocca-bottiglia-75cl\/","og_locale":"de_DE","og_type":"article","og_title":"Bio-Nero D'Avola D.O.C. Sizilien 2019 - 75cl - Filari Della Rocca","og_description":"Aus der bedeutendsten rotbeerigen Traube Siziliens entsteht der Nero d'Avola Filari, ein vielschichtiger Wein mit ausgepr\u00e4gter ...","og_url":"https:\/\/filaridellarocca.it\/de\/product\/nero-davola-doc-sizilien-biologisch-contessa-entellina-filari-della-rocca-bottiglia-75cl\/","og_site_name":"Filari Della Rocca","article_modified_time":"2022-05-30T09:15:37+00:00","og_image":[{"width":1080,"height":1350,"url":"https:\/\/filaridellarocca.it\/wp-content\/uploads\/2021\/04\/nerodavola-filari-della-rocca-bottiglia-singola.jpg","type":"image\/jpeg"}],"twitter_card":"summary_large_image","twitter_misc":{"Gesch\u00e4tzte Lesezeit":"2\u00a0Minuten"},"schema":{"@context":"https:\/\/schema.org","@graph":[{"@type":"WebPage","@id":"https:\/\/filaridellarocca.it\/de\/product\/nero-davola-doc-sizilien-biologisch-contessa-entellina-filari-della-rocca-bottiglia-75cl\/","url":"https:\/\/filaridellarocca.it\/de\/product\/nero-davola-doc-sizilien-biologisch-contessa-entellina-filari-della-rocca-bottiglia-75cl\/","name":"Bio-Nero D'Avola D.O.C. Sizilien 2019 - 75cl - Filari Della Rocca","isPartOf":{"@id":"https:\/\/filaridellarocca.it\/#website"},"datePublished":"2020-04-14T17:05:44+00:00","dateModified":"2022-05-30T09:15:37+00:00","description":"Aus der bedeutendsten rotbeerigen Traube Siziliens entsteht der Nero d'Avola Filari, ein vielschichtiger Wein mit ausgepr\u00e4gter ...","breadcrumb":{"@id":"https:\/\/filaridellarocca.it\/de\/product\/nero-davola-doc-sizilien-biologisch-contessa-entellina-filari-della-rocca-bottiglia-75cl\/#breadcrumb"},"inLanguage":"de","potentialAction":[{"@type":"ReadAction","target":["https:\/\/filaridellarocca.it\/de\/product\/nero-davola-doc-sizilien-biologisch-contessa-entellina-filari-della-rocca-bottiglia-75cl\/"]}]},{"@type":"BreadcrumbList","@id":"https:\/\/filaridellarocca.it\/de\/product\/nero-davola-doc-sizilien-biologisch-contessa-entellina-filari-della-rocca-bottiglia-75cl\/#breadcrumb","itemListElement":[{"@type":"ListItem","position":1,"name":"Home","item":"https:\/\/filaridellarocca.it\/de\/"},{"@type":"ListItem","position":2,"name":"Shop","item":"https:\/\/filaridellarocca.it\/shop\/"},{"@type":"ListItem","position":3,"name":"Bio-Nero D&#8217;Avola D.O.C. Sizilien 2019 &#8211; 75cl"}]},{"@type":"WebSite","@id":"https:\/\/filaridellarocca.it\/#website","url":"https:\/\/filaridellarocca.it\/","name":"Filari Della Rocca","description":"Azienda Agricola Biologica - Produzione vino e olio Siciliani","potentialAction":[{"@type":"SearchAction","target":{"@type":"EntryPoint","urlTemplate":"https:\/\/filaridellarocca.it\/?s={search_term_string}"},"query-input":"required name=search_term_string"}],"inLanguage":"de"}]}},"_links":{"self":[{"href":"https:\/\/filaridellarocca.it\/de\/wp-json\/wp\/v2\/product\/7129"}],"collection":[{"href":"https:\/\/filaridellarocca.it\/de\/wp-json\/wp\/v2\/product"}],"about":[{"href":"https:\/\/filaridellarocca.it\/de\/wp-json\/wp\/v2\/types\/product"}],"replies":[{"embeddable":true,"href":"https:\/\/filaridellarocca.it\/de\/wp-json\/wp\/v2\/comments?post=7129"}],"wp:featuredmedia":[{"embeddable":true,"href":"https:\/\/filaridellarocca.it\/de\/wp-json\/wp\/v2\/media\/6724"}],"wp:attachment":[{"href":"https:\/\/filaridellarocca.it\/de\/wp-json\/wp\/v2\/media?parent=7129"}],"wp:term":[{"taxonomy":"brand","embeddable":true,"href":"https:\/\/filaridellarocca.it\/de\/wp-json\/wp\/v2\/etheme_brands?post=7129"},{"taxonomy":"product_cat","embeddable":true,"href":"https:\/\/filaridellarocca.it\/de\/wp-json\/wp\/v2\/product_cat?post=7129"},{"taxonomy":"product_tag","embeddable":true,"href":"https:\/\/filaridellarocca.it\/de\/wp-json\/wp\/v2\/product_tag?post=7129"}],"curies":[{"name":"wp","href":"https:\/\/api.w.org\/{rel}","templated":true}]}}